{"id":973,"date":"2015-08-09T17:41:52","date_gmt":"2015-08-09T15:41:52","guid":{"rendered":"http:\/\/www.doklog.com\/?page_id=973"},"modified":"2017-09-06T07:26:56","modified_gmt":"2017-09-06T05:26:56","slug":"973-2","status":"publish","type":"page","link":"https:\/\/www.doklog.com\/?page_id=973","title":{"rendered":"Fotoproduktion"},"content":{"rendered":"<div id=\"pl-973\"  class=\"panel-layout\" ><div id=\"pg-973-0\"  class=\"panel-grid panel-no-style\" ><div id=\"pgc-973-0-0\"  class=\"panel-grid-cell\" ><div id=\"panel-973-0-0-0\" class=\"so-panel widget panel-first-child\" data-index=\"0\" ><\/div><div id=\"panel-973-0-0-1\" class=\"so-panel widget widget_moesia_contact_info moesia_contact_info_widget panel-last-child\" data-index=\"1\" ><h3 class=\"widget-title\">Kontakt <\/h3><div class=\"contact-email\"><span><i class=\"fa fa-envelope\"><\/i>Email: <\/span><a href=\"mailto:info@doklog.com\">info@doklog.com<\/a><\/div><\/div><\/div><\/div><div id=\"pg-973-1\"  class=\"panel-grid panel-no-style\" ><div id=\"pgc-973-1-0\"  class=\"panel-grid-cell\" ><div id=\"panel-973-1-0-0\" class=\"so-panel widget widget_moesia_testimonials moesia_testimonials_widget panel-first-child panel-last-child\" data-index=\"2\" >\t\t<section id=\"testimonials\" class=\"testimonials-area\">\n\t\t\t<div class=\"container\">\n\t\t\t\t<h3 class=\"widget-title\"><span class=\"wow bounce\">Unsere Kunden sagen<\/span><\/h3>\t\t\t\t\t\t\t\t\t\t\t\t\t\t\t\t\t\t\t<div class=\"testimonial col-md-6 col-sm-6 fadeInUp\">\n\t\t\t\t\t\t<div class=\"testimonial-body\"><p id=\"top\" \/>Ich h\u00e4tte nie gedacht, dass aus unserem chaotischen Familienalltag so sch\u00f6ne Fotos entstehen k\u00f6nnen. Amaru hat echt alles aus den Situationen herausgeholt und auf diese Weise Fotos produziert, die mal lustig, mal harmonisch und mal turbulent sind \u2013 so wie wir. Besser h\u00e4tte man uns nicht ablichten k\u00f6nnen. Vielen Dank!<\/p>\n<\/div>\n\n\t\t\t\t\t\t\n\t\t\t\t\t\t<h4 class=\"client-name col-md-8\">Nelly<\/h4>\n\t\t\t\t\t\t\t\t\t\t\t\t\n\t\t\t\t\t<\/div>\n\t\t\t\t\t\t\t\t\t\t\t\t\t\t\t\t\t\t\t<div class=\"testimonial col-md-6 col-sm-6 fadeInUp\">\n\t\t\t\t\t\t<div class=\"testimonial-body\"><p id=\"top\" \/>Wir wollten keine langweiligen, gestellten Familienbilder im Standard-look aber dennoch etwas Pers\u00f6nliches als Weihnachtsgeschenk. Einfach richtig sch\u00f6ne Fotos. V\u00f6llig entspannt und ungezwungen konnten wir in gewohnter Umgebung mit den Kindern spielen und w\u00e4hrenddessen sind viele richtig sch\u00f6ne Bilder entstanden. Amaru hat viele tolle Ideen f\u00fcr Fotos mitgebracht und er hat uns geholfen unsere Ideen zu verwirklichen. Dadurch sind au\u00dfergew\u00f6hnliche und sehr sch\u00f6ne Bilder entstanden. Die Zeit ist wie im Flug vergangen und es hat allen sehr viel Spa\u00df gemacht!  <\/p>\n<\/div>\n\n\t\t\t\t\t\t\n\t\t\t\t\t\t<h4 class=\"client-name col-md-8\">Steffen<\/h4>\n\t\t\t\t\t\t\t\t\t\t\t\t\n\t\t\t\t\t<\/div>\n\t\t\t\t\t\t\t<\/div>\n\t\t\t\t\t\n\t\t\t\t\t\t\n\t\t<\/section>\t\t\n\t<\/div><\/div><\/div><\/div>","protected":false},"excerpt":{"rendered":"<p>Fotoproduktion [flickr_photostream] Kontakt Email: info@doklog.com Unsere Kunden sagen Ich h\u00e4tte nie gedacht, dass aus unserem chaotischen Familienalltag so sch\u00f6ne Fotos entstehen k\u00f6nnen. Amaru hat echt alles aus den Situationen herausgeholt [&hellip;]<\/p>\n","protected":false},"author":1,"featured_media":0,"parent":0,"menu_order":0,"comment_status":"closed","ping_status":"closed","template":"page_front-page.php","meta":{"footnotes":""},"_links":{"self":[{"href":"https:\/\/www.doklog.com\/index.php?rest_route=\/wp\/v2\/pages\/973"}],"collection":[{"href":"https:\/\/www.doklog.com\/index.php?rest_route=\/wp\/v2\/pages"}],"about":[{"href":"https:\/\/www.doklog.com\/index.php?rest_route=\/wp\/v2\/types\/page"}],"author":[{"embeddable":true,"href":"https:\/\/www.doklog.com\/index.php?rest_route=\/wp\/v2\/users\/1"}],"replies":[{"embeddable":true,"href":"https:\/\/www.doklog.com\/index.php?rest_route=%2Fwp%2Fv2%2Fcomments&post=973"}],"version-history":[{"count":24,"href":"https:\/\/www.doklog.com\/index.php?rest_route=\/wp\/v2\/pages\/973\/revisions"}],"predecessor-version":[{"id":1084,"href":"https:\/\/www.doklog.com\/index.php?rest_route=\/wp\/v2\/pages\/973\/revisions\/1084"}],"wp:attachment":[{"href":"https:\/\/www.doklog.com\/index.php?rest_route=%2Fwp%2Fv2%2Fmedia&parent=973"}],"curies":[{"name":"wp","href":"https:\/\/api.w.org\/{rel}","templated":true}]}}