{"id":57,"date":"2011-08-01T01:35:56","date_gmt":"2011-07-31T23:35:56","guid":{"rendered":"http:\/\/www.doklog.com\/?page_id=57"},"modified":"2014-05-13T12:51:54","modified_gmt":"2014-05-13T10:51:54","slug":"internationaler-sommerkurs","status":"publish","type":"page","link":"https:\/\/www.doklog.com\/?page_id=57","title":{"rendered":"IIK Uni G\u00f6ttingen"},"content":{"rendered":"<p id=\"top\" \/>\n<h2><a href=\"https:\/\/www.doklog.com\/?p=630\">Imagefilm f\u00fcr den Internationalen Sommerkurs der Universit\u00e4t G\u00f6ttingen<\/a><a name=\"630\" \/><\/h2>\n<p><small>Last modified on 2015-12-02 10:46:04 GMT. <a href=\"https:\/\/www.doklog.com\/?p=630#comments\">0 comments<\/a>. <a href=\"#top\">Top<\/a>. <\/small><\/p>\n<p>&nbsp;<\/p>\n<p><iframe loading=\"lazy\" src=\"http:\/\/player.vimeo.com\/video\/15421882?title=0&amp;byline=0&amp;portrait=0\" height=\"534\" width=\"949\" frameborder=\"0\"><\/iframe><\/p>\n<p><a href=\"http:\/\/vimeo.com\/15421882\">Sommerkurs<\/a> from <a href=\"http:\/\/vimeo.com\/user3752470\">doklog<\/a> on <a href=\"http:\/\/vimeo.com\">Vimeo<\/a>.<\/p>\n<p>&nbsp;<\/p>\n<p>____________________<\/p>\n<h2><a href=\"https:\/\/www.doklog.com\/?p=634\">Imagefilm f\u00fcr den Internationalen Herbstkurs der Universit\u00e4t G\u00f6ttingen<\/a><a name=\"634\" \/><\/h2>\n<p><small>Last modified on 2015-12-02 10:45:21 GMT. <a href=\"https:\/\/www.doklog.com\/?p=634#comments\">0 comments<\/a>. <a href=\"#top\">Top<\/a>. <\/small><\/p>\n<p><iframe loading=\"lazy\" src=\"http:\/\/player.vimeo.com\/video\/59292648\" width=\"949\" height=\"533\" frameborder=\"0\" webkitAllowFullScreen mozallowfullscreen allowFullScreen><\/iframe> <\/p>\n<p><a href=\"http:\/\/vimeo.com\/59292648\">Herbstkurs &#8220;Studienanfang leicht gemacht&#8221;<\/a> from <a href=\"http:\/\/vimeo.com\/user3752470\">doklog<\/a> on <a href=\"http:\/\/vimeo.com\">Vimeo<\/a>.<\/p><\/p>\n","protected":false},"excerpt":{"rendered":"<p>Imagefilm f\u00fcr den Internationalen Sommerkurs der Universit\u00e4t G\u00f6ttingen Last modified on 2015-12-02 10:46:04 GMT. 0 comments. Top. &nbsp; Sommerkurs from doklog on Vimeo. &nbsp; ____________________ Imagefilm f\u00fcr den Internationalen Herbstkurs [&hellip;]<\/p>\n","protected":false},"author":1,"featured_media":0,"parent":24,"menu_order":2,"comment_status":"closed","ping_status":"open","template":"full-width-page.php","meta":{"footnotes":""},"_links":{"self":[{"href":"https:\/\/www.doklog.com\/index.php?rest_route=\/wp\/v2\/pages\/57"}],"collection":[{"href":"https:\/\/www.doklog.com\/index.php?rest_route=\/wp\/v2\/pages"}],"about":[{"href":"https:\/\/www.doklog.com\/index.php?rest_route=\/wp\/v2\/types\/page"}],"author":[{"embeddable":true,"href":"https:\/\/www.doklog.com\/index.php?rest_route=\/wp\/v2\/users\/1"}],"replies":[{"embeddable":true,"href":"https:\/\/www.doklog.com\/index.php?rest_route=%2Fwp%2Fv2%2Fcomments&post=57"}],"version-history":[{"count":13,"href":"https:\/\/www.doklog.com\/index.php?rest_route=\/wp\/v2\/pages\/57\/revisions"}],"predecessor-version":[{"id":802,"href":"https:\/\/www.doklog.com\/index.php?rest_route=\/wp\/v2\/pages\/57\/revisions\/802"}],"up":[{"embeddable":true,"href":"https:\/\/www.doklog.com\/index.php?rest_route=\/wp\/v2\/pages\/24"}],"wp:attachment":[{"href":"https:\/\/www.doklog.com\/index.php?rest_route=%2Fwp%2Fv2%2Fmedia&parent=57"}],"curies":[{"name":"wp","href":"https:\/\/api.w.org\/{rel}","templated":true}]}}