{"id":44,"date":"2011-08-01T01:16:03","date_gmt":"2011-07-31T23:16:03","guid":{"rendered":"http:\/\/www.doklog.com\/?page_id=44"},"modified":"2012-11-05T12:28:22","modified_gmt":"2012-11-05T10:28:22","slug":"dieunsichtbaren-2","status":"publish","type":"page","link":"https:\/\/www.doklog.com\/?page_id=44","title":{"rendered":"DieUnsichtbaren"},"content":{"rendered":"<p id=\"top\" \/><iframe loading=\"lazy\" src=\"http:\/\/player.vimeo.com\/video\/27042496?title=0&amp;byline=0&amp;portrait=0\" frameborder=\"0\" width=\"951\" height=\"713\"><\/iframe><\/p>\n<p><a href=\"http:\/\/vimeo.com\/27042496\">Die Unsichtbaren<\/a> from <a href=\"http:\/\/vimeo.com\/user3752470\">doklog<\/a> on <a href=\"http:\/\/vimeo.com\">Vimeo<\/a>.<\/p>\n<p>Manne, Christoph, Manni und Andr\u00e9 kommen aus beh\u00fcteten, mehr oder weniger b\u00fcrgerlichen<br \/>\nVerh\u00e4ltnissen. Ihre Geschichten nehmen Wendungen, die f\u00fcr viele Menschen ein Horrorszenario darstellen w\u00fcrden, wenn sie diese durchleben m\u00fcssten. Aber sie sind Teil der Realit\u00e4t. Einer Realit\u00e4t welche die vier Protagonisten gelebt haben, so wie unz\u00e4hlige Frauen und M\u00e4nner es jedenTag ihres Lebens tun. Einer Realit\u00e4t, von der durch ihre Geschichten ein Bild entsteht, ein Bild der Unsichtbaren.<br \/>\n2005<\/p>\n<p><object width=\"950\" height=\"713\" classid=\"clsid:d27cdb6e-ae6d-11cf-96b8-444553540000\" codebase=\"http:\/\/download.macromedia.com\/pub\/shockwave\/cabs\/flash\/swflash.cab#version=6,0,40,0\"><param name=\"flashvars\" value=\"offsite=true&amp;lang=de-de&amp;page_show_url=%2Fphotos%2F65730036%40N03%2Fsets%2F72157627308508942%2Fshow%2F&amp;page_show_back_url=%2Fphotos%2F65730036%40N03%2Fsets%2F72157627308508942%2F&amp;set_id=72157627308508942&amp;jump_to=\" \/><param name=\"allowFullScreen\" value=\"true\" \/><param name=\"src\" value=\"http:\/\/www.flickr.com\/apps\/slideshow\/show.swf?v=104087\" \/><param name=\"allowfullscreen\" value=\"true\" \/><embed width=\"950\" height=\"713\" type=\"application\/x-shockwave-flash\" src=\"http:\/\/www.flickr.com\/apps\/slideshow\/show.swf?v=104087\" flashvars=\"offsite=true&amp;lang=de-de&amp;page_show_url=%2Fphotos%2F65730036%40N03%2Fsets%2F72157627308508942%2Fshow%2F&amp;page_show_back_url=%2Fphotos%2F65730036%40N03%2Fsets%2F72157627308508942%2F&amp;set_id=72157627308508942&amp;jump_to=\" allowFullScreen=\"true\" allowfullscreen=\"true\" \/><\/object><\/p>\n","protected":false},"excerpt":{"rendered":"<p>Die Unsichtbaren from doklog on Vimeo. Manne, Christoph, Manni und Andr\u00e9 kommen aus beh\u00fcteten, mehr oder weniger b\u00fcrgerlichen Verh\u00e4ltnissen. Ihre Geschichten nehmen Wendungen, die f\u00fcr viele Menschen ein Horrorszenario darstellen [&hellip;]<\/p>\n","protected":false},"author":1,"featured_media":0,"parent":17,"menu_order":4,"comment_status":"closed","ping_status":"open","template":"full-width-page.php","meta":{"footnotes":""},"_links":{"self":[{"href":"https:\/\/www.doklog.com\/index.php?rest_route=\/wp\/v2\/pages\/44"}],"collection":[{"href":"https:\/\/www.doklog.com\/index.php?rest_route=\/wp\/v2\/pages"}],"about":[{"href":"https:\/\/www.doklog.com\/index.php?rest_route=\/wp\/v2\/types\/page"}],"author":[{"embeddable":true,"href":"https:\/\/www.doklog.com\/index.php?rest_route=\/wp\/v2\/users\/1"}],"replies":[{"embeddable":true,"href":"https:\/\/www.doklog.com\/index.php?rest_route=%2Fwp%2Fv2%2Fcomments&post=44"}],"version-history":[{"count":10,"href":"https:\/\/www.doklog.com\/index.php?rest_route=\/wp\/v2\/pages\/44\/revisions"}],"predecessor-version":[{"id":597,"href":"https:\/\/www.doklog.com\/index.php?rest_route=\/wp\/v2\/pages\/44\/revisions\/597"}],"up":[{"embeddable":true,"href":"https:\/\/www.doklog.com\/index.php?rest_route=\/wp\/v2\/pages\/17"}],"wp:attachment":[{"href":"https:\/\/www.doklog.com\/index.php?rest_route=%2Fwp%2Fv2%2Fmedia&parent=44"}],"curies":[{"name":"wp","href":"https:\/\/api.w.org\/{rel}","templated":true}]}}