{"id":345,"date":"2012-03-30T19:05:34","date_gmt":"2012-03-30T17:05:34","guid":{"rendered":"http:\/\/www.doklog.com\/?page_id=345"},"modified":"2016-10-19T12:14:09","modified_gmt":"2016-10-19T10:14:09","slug":"blog","status":"publish","type":"page","link":"https:\/\/www.doklog.com\/?page_id=345","title":{"rendered":"Log"},"content":{"rendered":"<p id=\"top\" \/><script>\/\/ <![CDATA[\nwindow.fbAsyncInit = function() { FB.init({ appId : 'your-app-id', xfbml : true, version : 'v2.5' }); }; (function(d, s, id){ var js, fjs = d.getElementsByTagName(s)[0]; if (d.getElementById(id)) {return;} js = d.createElement(s); js.id = id; js.src = \"\/\/connect.facebook.net\/en_US\/sdk.js\"; fjs.parentNode.insertBefore(js, fjs); }(document, 'script', 'facebook-jssdk'));\n\/\/ ]]><\/script><\/p>\n<h2><a href=\"https:\/\/www.doklog.com\/?p=1068\">Weihnachten steht vor der T\u00fcr<\/a><a name=\"1068\" \/><\/h2>\n<p><small>Last modified on 2016-10-19 10:15:18 GMT. <a href=\"https:\/\/www.doklog.com\/?p=1068#comments\">0 comments<\/a>. <a href=\"#top\">Top<\/a>. <\/small><\/p>\n<p><iframe loading=\"lazy\" width=\"560\" height=\"315\" src=\"https:\/\/www.youtube.com\/embed\/IW2Huk0rm4o\" frameborder=\"0\" allowfullscreen><\/iframe><\/p>\n<p>Tja Weihnachten steht vor der T\u00fcr und doklog ist vorerst zum letzten mal an der Produktion von &#8220;Physik im Advent&#8221; beteiligt gewesen.<br \/>\nWir blicken auf eine wundersch\u00f6ne Zeit mit den Physikern zur\u00fcck und w\u00fcnschen &#8220;Physik im Advent&#8221; alles Gute, auf dass es sich weiterhin so gro\u00dfartig entwickelt wie bisher!<\/p>\n<p>&nbsp;<\/p>\n<h2><a href=\"https:\/\/www.doklog.com\/?p=1064\">\u30d3\u30fc\u30a8\u30e0\u30a8\u30c3\u30af\u30b9 Fight the Winter 2016 BMX Flatland Contest in G\u00f6ttingen Best Combo Edition \u5e73\u5730\u82b1\u5f0f<\/a><a name=\"1064\" \/><\/h2>\n<p><small>Last modified on 2016-05-18 18:51:38 GMT. <a href=\"https:\/\/www.doklog.com\/?p=1064#comments\">0 comments<\/a>. <a href=\"#top\">Top<\/a>. <\/small><\/p>\n<p><iframe loading=\"lazy\" width=\"560\" height=\"315\" src=\"https:\/\/www.youtube.com\/embed\/qQI6Ht0iHfU\" frameborder=\"0\" allowfullscreen><\/iframe><br \/>\nIt is one more reason  to subscribe now to our YouTube channel!!!<br \/>\nBMX Flatland Contest in G\u00f6ttingen Master and Pro<br \/>\nWatch this clip to get a hind of the insanity of the performances at the contest by:<br \/>\nDominik Nekolny<br \/>\nAlberto Moya<br \/>\nDavid Hoffmann<br \/>\nKevin Nikulski<br \/>\nMarkus Reich<br \/>\nMartin Drazil<br \/>\nDavis Dudelis<br \/>\nDustyn Alt<br \/>\nDan Henning<br \/>\nand many more&#8230;<\/p>\n<p>Location Kauf Park G\u00f6ttingen, Am Kauf Park 2, 37079 G\u00f6ttingen\n<\/p>\n<hr \/>\n<h2><a href=\"https:\/\/www.doklog.com\/?p=1060\">Aleph<\/a><a name=\"1060\" \/><\/h2>\n<p><small>Last modified on 2016-05-18 18:42:48 GMT. <a href=\"https:\/\/www.doklog.com\/?p=1060#comments\">0 comments<\/a>. <a href=\"#top\">Top<\/a>. <\/small><\/p>\n<p>&nbsp;<\/p>\n<p>Did the soundrecording for Yakup Girpans shortfilm Aleph in 2010.<br \/>\n<iframe loading=\"lazy\" src=\"http:\/\/player.vimeo.com\/video\/13685869?title=0&amp;byline=0&amp;portrait=0\" width=\"950\" height=\"534\" frameborder=\"0\"><\/iframe><\/p>\n<p><a href=\"http:\/\/vimeo.com\/13685869\">Aleph- trailer<\/a> from <a href=\"http:\/\/vimeo.com\/user3055436\">Yakup Girpan<\/a> on <a href=\"http:\/\/vimeo.com\">Vimeo<\/a>.<\/p>\n<hr \/>\n<h2><a href=\"https:\/\/www.doklog.com\/?p=1004\">Physik im Advent 2015<\/a><a name=\"1004\" \/><\/h2>\n<p><small>Last modified on 2015-12-02 13:07:56 GMT. <a href=\"https:\/\/www.doklog.com\/?p=1004#comments\">0 comments<\/a>. <a href=\"#top\">Top<\/a>. <\/small><\/p>\n<p><iframe loading=\"lazy\" width=\"560\" height=\"315\" src=\"https:\/\/www.youtube.com\/embed\/6i5wmJNezq0\" frameborder=\"0\" allowfullscreen><\/iframe><\/p>\n<blockquote class=\"twitter-tweet\" lang=\"de\">\n<p lang=\"de\" dir=\"ltr\">Zweiter beim Inovationspreis mit dem PiA Projekt.<a href=\"https:\/\/twitter.com\/hashtag\/G%C3%B6ttingen?src=hash\">#G\u00f6ttingen<\/a> <a href=\"https:\/\/twitter.com\/hashtag\/Niedersachsen?src=hash\">#Niedersachsen<\/a> <a href=\"https:\/\/twitter.com\/hashtag\/Physik?src=hash\">#Physik<\/a> <a href=\"https:\/\/t.co\/J27R2wGk9M\">pic.twitter.com\/J27R2wGk9M<\/a><\/p>\n<p>&mdash; doklog (@doklog) <a href=\"https:\/\/twitter.com\/doklog\/status\/667074516607221761\">18. November 2015<\/a><\/p><\/blockquote>\n<p><script async src=\"\/\/platform.twitter.com\/widgets.js\" charset=\"utf-8\"><\/script><br \/>\n<script>\n  window.fbAsyncInit = function() {\n    FB.init({\n      appId      : 'your-app-id',\n      xfbml      : true,\n      version    : 'v2.5'\n    });\n  };<\/p>\n<p>  (function(d, s, id){\n     var js, fjs = d.getElementsByTagName(s)[0];\n     if (d.getElementById(id)) {return;}\n     js = d.createElement(s); js.id = id;\n     js.src = \"\/\/connect.facebook.net\/en_US\/sdk.js\";\n     fjs.parentNode.insertBefore(js, fjs);\n   }(document, 'script', 'facebook-jssdk'));\n<\/script><\/p>\n<h1>HoHoHo!!! es geht wieder los!<\/h1>\n<p>&nbsp;<\/p>\n<div id=\"fb-root\"><\/div>\n<p><script>(function(d, s, id) {  var js, fjs = d.getElementsByTagName(s)[0];  if (d.getElementById(id)) return;  js = d.createElement(s); js.id = id;  js.src = \"\/\/connect.facebook.net\/de_DE\/sdk.js#xfbml=1&version=v2.3\";  fjs.parentNode.insertBefore(js, fjs);}(document, 'script', 'facebook-jssdk'));<\/script><\/p>\n<div class=\"fb-post\" data-href=\"https:\/\/www.facebook.com\/PhysikImAdvent\/posts\/991647010874613:0\" data-width=\"500\">\n<div class=\"fb-xfbml-parse-ignore\">\n<blockquote cite=\"https:\/\/www.facebook.com\/PhysikImAdvent\/photos\/a.590197287686256.1073741828.583810471658271\/991647010874613\/?type=3\">\n<p>Liebe Physik im Advent FreundInnen,seite heute ist die Anmeldung f&#xfc;r PiA2015 freigeschaltet&#8230;.<\/p>\n<p>Posted by <a href=\"https:\/\/www.facebook.com\/PhysikImAdvent\/\">Physik im Advent<\/a> on&nbsp;<a href=\"https:\/\/www.facebook.com\/PhysikImAdvent\/photos\/a.590197287686256.1073741828.583810471658271\/991647010874613\/?type=3\">Montag, 2. November 2015<\/a><\/p><\/blockquote>\n<\/div>\n<\/div>\n<hr \/>\n<h2><a href=\"https:\/\/www.doklog.com\/?p=824\">Physik im Advent 2014<\/a><a name=\"824\" \/><\/h2>\n<p><small>Last modified on 2015-09-18 15:00:45 GMT. <a href=\"https:\/\/www.doklog.com\/?p=824#comments\">0 comments<\/a>. <a href=\"#top\">Top<\/a>. <\/small><\/p>\n<blockquote class=\"twitter-tweet\" lang=\"de\">\n<p lang=\"de\" dir=\"ltr\">Hurra! Der erste Preis f\u00fcr <a href=\"https:\/\/twitter.com\/hashtag\/Physik?src=hash\">#Physik<\/a> im <a href=\"https:\/\/twitter.com\/hashtag\/Advent?src=hash\">#Advent<\/a> ist da!!!&#10;und <a href=\"http:\/\/t.co\/Cy0v5hmiGZ\">http:\/\/t.co\/Cy0v5hmiGZ<\/a> hat mitgeholfen.&#10;<a href=\"https:\/\/twitter.com\/hashtag\/G%C3%B6ttingen?src=hash\">#G\u00f6ttingen<\/a> <a href=\"http:\/\/t.co\/NW3PSAQvI8\">pic.twitter.com\/NW3PSAQvI8<\/a><\/p>\n<p>&mdash; doklog (@doklog) <a href=\"https:\/\/twitter.com\/doklog\/status\/540896263877984256\">5. Dezember 2014<\/a><\/p><\/blockquote>\n<p><script async src=\"\/\/platform.twitter.com\/widgets.js\" charset=\"utf-8\"><\/script><\/p>\n<p>HO! HO! HO!<br \/>\nPhysik im Advent ein G\u00f6ttinger Adventskalender mit Experimenten zum Mitmachen und Gewinnen.<br \/>\nEs geht in die zweite Runde. Anmeldungen laufen und werden seit dem 1.11 entgegengenommen.<br \/>\nAb 1.12.2014 gibt es jeden Tag ein Experiment zu sehen auf:<br \/>\n<a href=\"http:\/\/www.physik-im-advent.de\/\">Physik im Advent Webseite<\/a><br \/>\nDa solltet Ihr auf jeden Fall dabei sein, wir garantieren auch Physikmuffel werden Ihren Spa\u00df haben<\/p>\n<p><iframe loading=\"lazy\" src=\"\/\/www.youtube.com\/embed\/Ikv884PC1sQ\" width=\"560\" height=\"315\" frameborder=\"0\" allowfullscreen=\"allowfullscreen\"><\/iframe><\/p>\n<hr \/>\n<h2><a href=\"https:\/\/www.doklog.com\/?p=797\">Fight the Winter #4<\/a><a name=\"797\" \/><\/h2>\n<p><small>Last modified on 2014-05-13 10:57:44 GMT. <a href=\"https:\/\/www.doklog.com\/?p=797#comments\">0 comments<\/a>. <a href=\"#top\">Top<\/a>. <\/small><\/p>\n<p><iframe loading=\"lazy\" src=\"\/\/player.vimeo.com\/video\/90523145?title=0&amp;byline=0&amp;portrait=0&amp;color=c9ff23\" width=\"500\" height=\"281\" frameborder=\"0\" webkitallowfullscreen mozallowfullscreen allowfullscreen><\/iframe><br \/>\nVideo vom Fight the Winter #4 Flatland Bmx Contest in G\u00f6ttingen.<\/p>\n<hr \/>\n<h2><a href=\"https:\/\/www.doklog.com\/?p=779\">Full documentary &#8220;Laberinto Verde&#8221;<\/a><a name=\"779\" \/><\/h2>\n<p><small>Last modified on 2014-02-01 11:09:10 GMT. <a href=\"https:\/\/www.doklog.com\/?p=779#comments\">0 comments<\/a>. <a href=\"#top\">Top<\/a>. <\/small><\/p>\n<p><div align=\"center\">[wpsgallery]<br \/>\n<iframe loading=\"lazy\" src=\"\/\/player.vimeo.com\/video\/85522191?byline=0&amp;portrait=0&amp;color=c9ff23\" height=\"281\" width=\"500\" allowfullscreen=\"\" frameborder=\"0\"><\/iframe><\/div>\n<p>The full documentary &#8220;Laberinto Verde&#8221; (Green Labyrinth &#8211; Labyrinthe Vert).<br \/>\n82 mn &#8211; 2011<br \/>\nAbel Kavanagh<br \/>\nAmaru Durand Mitre<\/p>\n<p><a href=\"http:\/\/www.laberintoverde.com\">www.laberintoverde.com<\/a><\/p>\n<hr \/>\n<h2><a href=\"https:\/\/www.doklog.com\/?p=740\">15 Jahre Tha Prophecy Radioshow<\/a><a name=\"740\" \/><\/h2>\n<p><small>Last modified on 2013-11-09 13:28:47 GMT. <a href=\"https:\/\/www.doklog.com\/?p=740#comments\">0 comments<\/a>. <a href=\"#top\">Top<\/a>. <\/small><\/p>\n<p>Im Stadtradio G\u00f6ttingen wurde das epochale Jubil\u00e4um von 15 Jahren Tha Prophecy Radioshow gefeiert. Der dienst\u00e4ltesten Hip Hop Radiosendung in Deutschland&#8230;<br \/>\nEine doklog Filmproduktion aus G\u00f6ttingen.<\/p>\n<p><iframe loading=\"lazy\" src=\"\/\/player.vimeo.com\/video\/78201272?color=ff0179\" height=\"281\" width=\"500\" allowfullscreen=\"\" frameborder=\"0\"><\/iframe><\/p>\n<p><a class=\"mixcloud-follow-widget\" href=\"http:\/\/www.mixcloud.com\/funkykid\/\" data-h=\"160\"  data-w=\"280\" data-faces=\"on\">Follow THA PROPHECY RADIOSHOW  on Mixcloud<\/a><script type=\"text\/javascript\" src=\"http:\/\/widget.mixcloud.com\/media\/js\/follow_embed.js\"><\/script><\/p>\n<hr \/>\n<h2><a href=\"https:\/\/www.doklog.com\/?p=725\">PiA &#8211; Physik im Advent 2013<\/a><a name=\"725\" \/><\/h2>\n<p><small>Last modified on 2013-12-01 21:05:36 GMT. <a href=\"https:\/\/www.doklog.com\/?p=725#comments\">0 comments<\/a>. <a href=\"#top\">Top<\/a>. <\/small><\/p>\n<p>Eine Filmproduktion aus G\u00f6ttingen von doklog<br \/>\nProduzent: Prof. Dr. Arnulf Quadt<br \/>\nAusf\u00fchrender Produzent: Sascha Prinz<\/p>\n<p>&nbsp;<\/p>\n<p><iframe loading=\"lazy\" src=\"\/\/www.youtube.com\/embed\/6wduFAJQg68\" height=\"360\" width=\"480\" allowfullscreen=\"\" frameborder=\"0\"><\/iframe><\/p>\n<p><a href=\"http:\/\/www.physik-im-advent.de\" title=\"PiA\" target=\"_blank\">www.physik-im-advent.de<\/a><\/p>\n<hr \/>\n<h2><a href=\"https:\/\/www.doklog.com\/?p=711\">Musikvideos<\/a><a name=\"711\" \/><\/h2>\n<p><small>Last modified on 2016-05-18 18:25:55 GMT. <a href=\"https:\/\/www.doklog.com\/?p=711#comments\">0 comments<\/a>. <a href=\"#top\">Top<\/a>. <\/small><\/p>\n<p>I proudly edited and rolled the music video of my friend Ron Nox from Hannover Germany!<\/p>\n<p><iframe loading=\"lazy\" src=\"http:\/\/www.youtube.com\/embed\/M1PA-AaypJc\" width=\"560\" height=\"315\" frameborder=\"0\"><\/iframe><\/p>\n<p>&nbsp;<\/p>\n<hr \/>\n<p>Das zweite Musikvideo<\/p>\n<p><iframe loading=\"lazy\" src=\"https:\/\/player.vimeo.com\/video\/73769099?byline=0&#038;portrait=0\" width=\"640\" height=\"360\" frameborder=\"0\" webkitallowfullscreen mozallowfullscreen allowfullscreen><\/iframe><\/p>\n<p>Tja, ich wei\u00df nicht mehr genau wann wir das gedreht haben, vielleicht war es 2011.<br \/>\nAn einem Tag in Hannover gedreht.<br \/>\nHat Spa\u00df gemacht.<\/p>\n<hr \/>\n<h2><a href=\"https:\/\/www.doklog.com\/?p=680\"><\/a><a name=\"680\" \/><\/h2>\n<p><small>Last modified on 2015-03-08 22:05:58 GMT. <a href=\"https:\/\/www.doklog.com\/?p=680#comments\">0 comments<\/a>. <a href=\"#top\">Top<\/a>. <\/small><\/p>\n<p><iframe loading=\"lazy\" src=\"https:\/\/player.vimeo.com\/video\/71562607?color=ff9933&#038;title=0&#038;byline=0&#038;portrait=0\" width=\"500\" height=\"281\" frameborder=\"0\" webkitallowfullscreen mozallowfullscreen allowfullscreen><\/iframe><\/p>\n<hr \/>\n<p>&nbsp;<\/p>\n","protected":false},"excerpt":{"rendered":"<p>Weihnachten steht vor der T\u00fcr Last modified on 2016-10-19 10:15:18 GMT. 0 comments. Top. Tja Weihnachten steht vor der T\u00fcr und doklog ist vorerst zum letzten mal an der Produktion [&hellip;]<\/p>\n","protected":false},"author":1,"featured_media":0,"parent":0,"menu_order":5,"comment_status":"closed","ping_status":"open","template":"","meta":{"footnotes":""},"_links":{"self":[{"href":"https:\/\/www.doklog.com\/index.php?rest_route=\/wp\/v2\/pages\/345"}],"collection":[{"href":"https:\/\/www.doklog.com\/index.php?rest_route=\/wp\/v2\/pages"}],"about":[{"href":"https:\/\/www.doklog.com\/index.php?rest_route=\/wp\/v2\/types\/page"}],"author":[{"embeddable":true,"href":"https:\/\/www.doklog.com\/index.php?rest_route=\/wp\/v2\/users\/1"}],"replies":[{"embeddable":true,"href":"https:\/\/www.doklog.com\/index.php?rest_route=%2Fwp%2Fv2%2Fcomments&post=345"}],"version-history":[{"count":38,"href":"https:\/\/www.doklog.com\/index.php?rest_route=\/wp\/v2\/pages\/345\/revisions"}],"predecessor-version":[{"id":1070,"href":"https:\/\/www.doklog.com\/index.php?rest_route=\/wp\/v2\/pages\/345\/revisions\/1070"}],"wp:attachment":[{"href":"https:\/\/www.doklog.com\/index.php?rest_route=%2Fwp%2Fv2%2Fmedia&parent=345"}],"curies":[{"name":"wp","href":"https:\/\/api.w.org\/{rel}","templated":true}]}}