{"id":167,"date":"2012-02-21T00:17:19","date_gmt":"2012-02-20T22:17:19","guid":{"rendered":"http:\/\/www.doklog.com\/?page_id=167"},"modified":"2022-01-27T07:00:05","modified_gmt":"2022-01-27T05:00:05","slug":"about","status":"publish","type":"page","link":"https:\/\/www.doklog.com\/?page_id=167","title":{"rendered":"\u00dcber doklog"},"content":{"rendered":"<p id=\"top\" \/>\n<h4 class=\"wp-block-heading\">&nbsp;<\/h4>\n\n\n\n<h4 class=\"wp-block-heading\">&nbsp;<\/h4>\n\n\n\n<h4 class=\"wp-block-heading\">&nbsp;<\/h4>\n\n\n\n<h4 class=\"wp-block-heading\" id=\"videoproduktion-filmproduktion-oder-fotoproduktion-wir-realisieren-ihr-medienprojekt-von-der-idee-bis-zum-fertigen-produkt\">Videoproduktion, Filmproduktion oder Fotoproduktion wir realisieren Ihr Medienprojekt von der Idee bis zum fertigen Produkt.<\/h4>\n\n\n\n<h4 class=\"wp-block-heading\">&nbsp;<\/h4>\n\n\n\n<p><strong>Amaru Durand Mitre<\/strong><\/p>\n\n\n\n<p>M.A. Medien und Kommunikationswissenschaft\/Literaturwissenschaft und Linguistik<\/p>\n\n\n\n<figure class=\"wp-block-image\"><a href=\"http:\/\/www.doklog.com\/wp-content\/uploads\/2015\/03\/DSC_0323web.jpg\"><img loading=\"lazy\" decoding=\"async\" width=\"150\" height=\"150\" src=\"http:\/\/www.doklog.com\/wp-content\/uploads\/2015\/03\/DSC_0323web-150x150.jpg\" alt=\"DSC_0323web\" class=\"wp-image-853\" srcset=\"https:\/\/www.doklog.com\/wp-content\/uploads\/2015\/03\/DSC_0323web-150x150.jpg 150w, https:\/\/www.doklog.com\/wp-content\/uploads\/2015\/03\/DSC_0323web-109x109.jpg 109w\" sizes=\"(max-width: 150px) 100vw, 150px\" \/><\/a><\/figure>\n\n\n\n<p>Amaru ist Dokumentarfilmer, Fotograf, Videoblogger,&nbsp; und Medienp\u00e4dagoge. F\u00fcr seinen Film \u201eLaberinto Verde\u201c (2008) erhielt er mehrere internationale Auszeichnungen. 2012 gr\u00fcndete er das Videoblog \u201eP\u00f6hler.tv\u201c, welches sich mit der Fu\u00dfball- und Sportkultur im Raum G\u00f6ttingen auseinandersetzt.<br>Als Medienp\u00e4dagoge leitete er von 2014-2016 Film-Workshops f\u00fcr Jugendliche im Rahmen des Projektes \u201ewww.Kopfkiste.com\u201c des Verbands binationaler Familien und Partnerschaften in Leipzig.<br>Dar\u00fcber hinaus produziert er Videos und Fotos f\u00fcr Imagefilme, Messefilme, Projektdokumentationen und auch Veranstaltungen im Auftrag von Unternehmen und Privatpersonen.<\/p>\n\n\n\n<p><a class=\"moz-txt-link-abbreviated\" href=\"mailto:info@doklog.com\">info@doklog.com<\/a><\/p>\n","protected":false},"excerpt":{"rendered":"<p>&nbsp; &nbsp; &nbsp; Videoproduktion, Filmproduktion oder Fotoproduktion wir realisieren Ihr Medienprojekt von der Idee bis zum fertigen Produkt. &nbsp; Amaru Durand Mitre M.A. Medien und Kommunikationswissenschaft\/Literaturwissenschaft und Linguistik Amaru ist [&hellip;]<\/p>\n","protected":false},"author":1,"featured_media":0,"parent":138,"menu_order":0,"comment_status":"closed","ping_status":"open","template":"","meta":{"footnotes":""},"_links":{"self":[{"href":"https:\/\/www.doklog.com\/index.php?rest_route=\/wp\/v2\/pages\/167"}],"collection":[{"href":"https:\/\/www.doklog.com\/index.php?rest_route=\/wp\/v2\/pages"}],"about":[{"href":"https:\/\/www.doklog.com\/index.php?rest_route=\/wp\/v2\/types\/page"}],"author":[{"embeddable":true,"href":"https:\/\/www.doklog.com\/index.php?rest_route=\/wp\/v2\/users\/1"}],"replies":[{"embeddable":true,"href":"https:\/\/www.doklog.com\/index.php?rest_route=%2Fwp%2Fv2%2Fcomments&post=167"}],"version-history":[{"count":33,"href":"https:\/\/www.doklog.com\/index.php?rest_route=\/wp\/v2\/pages\/167\/revisions"}],"predecessor-version":[{"id":1103,"href":"https:\/\/www.doklog.com\/index.php?rest_route=\/wp\/v2\/pages\/167\/revisions\/1103"}],"up":[{"embeddable":true,"href":"https:\/\/www.doklog.com\/index.php?rest_route=\/wp\/v2\/pages\/138"}],"wp:attachment":[{"href":"https:\/\/www.doklog.com\/index.php?rest_route=%2Fwp%2Fv2%2Fmedia&parent=167"}],"curies":[{"name":"wp","href":"https:\/\/api.w.org\/{rel}","templated":true}]}}